{"id":245,"date":"2025-02-16T23:14:46","date_gmt":"2025-02-16T23:14:46","guid":{"rendered":"https:\/\/demojou.ferreirapablo.com\/?page_id=245"},"modified":"2026-04-13T10:48:20","modified_gmt":"2026-04-13T10:48:20","slug":"about-us","status":"publish","type":"page","link":"https:\/\/jouvoli.io\/pt\/about-us\/","title":{"rendered":"Sobre n\u00f3s"},"content":{"rendered":"<div data-elementor-type=\"wp-page\" data-elementor-id=\"245\" class=\"elementor elementor-245\" data-elementor-post-type=\"page\">\n\t\t\t\t<div class=\"elementor-element elementor-element-321f896 hero e-flex e-con-boxed e-con e-parent\" data-id=\"321f896\" data-element_type=\"container\" data-e-type=\"container\" data-settings=\"{&quot;background_background&quot;:&quot;classic&quot;}\">\n\t\t\t\t\t<div class=\"e-con-inner\">\n\t\t\t\t<div class=\"elementor-element elementor-element-839fc60 elementor-hidden-mobile elementor-widget elementor-widget-heading\" data-id=\"839fc60\" data-element_type=\"widget\" data-e-type=\"widget\" data-widget_type=\"heading.default\">\n\t\t\t\t\t<h2 class=\"elementor-heading-title elementor-size-default\">Sobre n\u00f3s<\/h2>\t\t\t\t<\/div>\n\t\t\t\t<div class=\"elementor-element elementor-element-51be87d elementor-hidden-desktop elementor-hidden-tablet elementor-widget-mobile__width-inherit elementor-widget elementor-widget-heading\" data-id=\"51be87d\" data-element_type=\"widget\" data-e-type=\"widget\" data-widget_type=\"heading.default\">\n\t\t\t\t\t<h2 class=\"elementor-heading-title elementor-size-default\">Sobre n\u00f3s<\/h2>\t\t\t\t<\/div>\n\t\t\t\t\t<\/div>\n\t\t\t\t<\/div>\n\t\t<div class=\"elementor-element elementor-element-b37297a e-flex e-con-boxed e-con e-parent\" data-id=\"b37297a\" data-element_type=\"container\" data-e-type=\"container\" data-settings=\"{&quot;background_background&quot;:&quot;classic&quot;}\">\n\t\t\t\t\t<div class=\"e-con-inner\">\n\t\t\t\t<div class=\"elementor-element elementor-element-37408ff elementor-hidden-mobile elementor-widget elementor-widget-heading\" data-id=\"37408ff\" data-element_type=\"widget\" data-e-type=\"widget\" data-widget_type=\"heading.default\">\n\t\t\t\t\t<h2 class=\"elementor-heading-title elementor-size-default\">Solu\u00e7\u00f5es pioneiras de gest\u00e3o integrada de energia\n<\/h2>\t\t\t\t<\/div>\n\t\t\t\t<div class=\"elementor-element elementor-element-e79dc45 elementor-hidden-desktop elementor-hidden-tablet elementor-widget elementor-widget-heading\" data-id=\"e79dc45\" data-element_type=\"widget\" data-e-type=\"widget\" data-widget_type=\"heading.default\">\n\t\t\t\t\t<h3 class=\"elementor-heading-title elementor-size-default\">Solu\u00e7\u00f5es pioneiras de gest\u00e3o integrada de energia\n<\/h3>\t\t\t\t<\/div>\n\t\t\t\t<div class=\"elementor-element elementor-element-2d23f9b elementor-widget elementor-widget-text-editor\" data-id=\"2d23f9b\" data-element_type=\"widget\" data-e-type=\"widget\" data-widget_type=\"text-editor.default\">\n\t\t\t\t\t\t\t\t\t<p>Jouvoli was started in 2023 to address a critical gap in the renewable energy market. Despite significant investments in solar panels, battery storage systems, and EV charging infrastructure, our founder discovered there was no effective way to monitor and optimize these interconnected systems.<\/p>\t\t\t\t\t\t\t\t<\/div>\n\t\t\t\t<div class=\"elementor-element elementor-element-d6ca3db elementor-blockquote--skin-quotation elementor-hidden-mobile elementor-widget elementor-widget-blockquote\" data-id=\"d6ca3db\" data-element_type=\"widget\" data-e-type=\"widget\" data-widget_type=\"blockquote.default\">\n\t\t\t\t\t\t\t<blockquote class=\"elementor-blockquote\">\n\t\t\t<p class=\"elementor-blockquote__content\">\n\t\t\t\t\"A nossa empresa n\u00e3o nasceu de um desejo de come\u00e7ar algo novo, mas da frustra\u00e7\u00e3o com um problema por resolver. A solu\u00e7\u00e3o que desenvolvemos para n\u00f3s pr\u00f3prios revelou-se t\u00e3o eficaz que partilh\u00e1-la com outros se tornou a nossa miss\u00e3o.\"\t\t\t<\/p>\n\t\t\t\t\t\t\t<div class=\"e-q-footer\">\n\t\t\t\t\t\t\t\t\t\t\t<cite class=\"elementor-blockquote__author\">Florian Blischke, Diretor-Geral, Hahn Software GmbH, 2025<\/cite>\n\t\t\t\t\t\t\t\t\t\t\t\t\t\t<\/div>\n\t\t\t\t\t<\/blockquote>\n\t\t\t\t\t\t<\/div>\n\t\t\t\t<div class=\"elementor-element elementor-element-28838e3 elementor-blockquote--skin-quotation elementor-hidden-desktop elementor-hidden-tablet elementor-widget elementor-widget-blockquote\" data-id=\"28838e3\" data-element_type=\"widget\" data-e-type=\"widget\" data-widget_type=\"blockquote.default\">\n\t\t\t\t\t\t\t<blockquote class=\"elementor-blockquote\">\n\t\t\t<p class=\"elementor-blockquote__content\">\n\t\t\t\t\"A nossa empresa n\u00e3o nasceu de um desejo de come\u00e7ar algo novo, mas da frustra\u00e7\u00e3o com um problema por resolver. A solu\u00e7\u00e3o que desenvolvemos para n\u00f3s pr\u00f3prios revelou-se t\u00e3o eficaz que partilh\u00e1-la com outros se tornou a nossa miss\u00e3o.\"\t\t\t<\/p>\n\t\t\t\t\t\t\t<div class=\"e-q-footer\">\n\t\t\t\t\t\t\t\t\t\t\t<cite class=\"elementor-blockquote__author\">Florian Blischke, Diretor-Geral, Hahn Software GmbH, 2025<\/cite>\n\t\t\t\t\t\t\t\t\t\t\t\t\t\t<\/div>\n\t\t\t\t\t<\/blockquote>\n\t\t\t\t\t\t<\/div>\n\t\t\t\t\t<\/div>\n\t\t\t\t<\/div>\n\t\t<div class=\"elementor-element elementor-element-1b726935 e-flex e-con-boxed e-con e-parent\" data-id=\"1b726935\" data-element_type=\"container\" data-e-type=\"container\" data-settings=\"{&quot;background_background&quot;:&quot;classic&quot;}\">\n\t\t\t\t\t<div class=\"e-con-inner\">\n\t\t<div class=\"elementor-element elementor-element-45b50618 e-con-full e-flex e-con e-child\" data-id=\"45b50618\" data-element_type=\"container\" data-e-type=\"container\">\n\t\t\t\t<div class=\"elementor-element elementor-element-1377928a elementor-widget elementor-widget-image\" data-id=\"1377928a\" data-element_type=\"widget\" data-e-type=\"widget\" data-widget_type=\"image.default\">\n\t\t\t\t\t\t\t\t\t\t\t\t\t\t\t<img fetchpriority=\"high\" decoding=\"async\" width=\"800\" height=\"447\" src=\"https:\/\/jouvoli.io\/wp-content\/uploads\/2025\/03\/solution-1024x572.webp\" class=\"attachment-large size-large wp-image-1888\" alt=\"\" srcset=\"\" sizes=\"(max-width: 800px) 100vw, 800px\" data-srcset=\"\" \/>\t\t\t\t\t\t\t\t\t\t\t\t\t\t\t<\/div>\n\t\t\t\t<\/div>\n\t\t<div class=\"elementor-element elementor-element-13aebaab e-con-full e-flex e-con e-child\" data-id=\"13aebaab\" data-element_type=\"container\" data-e-type=\"container\">\n\t\t\t\t<div class=\"elementor-element elementor-element-4ede2e3 elementor-widget elementor-widget-heading\" data-id=\"4ede2e3\" data-element_type=\"widget\" data-e-type=\"widget\" data-widget_type=\"heading.default\">\n\t\t\t\t\t<h2 class=\"elementor-heading-title elementor-size-default\">A nossa solu\u00e7\u00e3o<\/h2>\t\t\t\t<\/div>\n\t\t\t\t<div class=\"elementor-element elementor-element-15e7a833 elementor-widget elementor-widget-text-editor\" data-id=\"15e7a833\" data-element_type=\"widget\" data-e-type=\"widget\" data-widget_type=\"text-editor.default\">\n\t\t\t\t\t\t\t\t\t<p class=\"whitespace-pre-wrap break-words\">Desenvolvemos uma plataforma abrangente de gest\u00e3o de energia que:<\/p><ul class=\"-mt-1 list-disc space-y-2 pl-8\"><li class=\"whitespace-normal break-words\">Proporciona visibilidade em tempo real da produ\u00e7\u00e3o e consumo de energia<\/li><li class=\"whitespace-normal break-words\">Optimiza o armazenamento de energia, a utiliza\u00e7\u00e3o e a exporta\u00e7\u00e3o para a rede<\/li><li class=\"whitespace-normal break-words\">Integra a monitoriza\u00e7\u00e3o ambiental (qualidade do ar, temperatura, humidade)<\/li><li class=\"whitespace-normal break-words\">Incorpora funcionalidades de seguran\u00e7a (dete\u00e7\u00e3o de movimento, monitoriza\u00e7\u00e3o do acesso, alertas de inunda\u00e7\u00e3o)<\/li><\/ul>\t\t\t\t\t\t\t\t<\/div>\n\t\t\t\t<\/div>\n\t\t\t\t\t<\/div>\n\t\t\t\t<\/div>\n\t\t<div class=\"elementor-element elementor-element-1e038432 e-flex e-con-boxed e-con e-parent\" data-id=\"1e038432\" data-element_type=\"container\" data-e-type=\"container\" data-settings=\"{&quot;background_background&quot;:&quot;classic&quot;}\">\n\t\t\t\t\t<div class=\"e-con-inner\">\n\t\t<div class=\"elementor-element elementor-element-36cac1fb e-con-full e-flex e-con e-child\" data-id=\"36cac1fb\" data-element_type=\"container\" data-e-type=\"container\">\n\t\t\t\t<div class=\"elementor-element elementor-element-45f6b5db elementor-widget elementor-widget-heading\" data-id=\"45f6b5db\" data-element_type=\"widget\" data-e-type=\"widget\" data-widget_type=\"heading.default\">\n\t\t\t\t\t<h2 class=\"elementor-heading-title elementor-size-default\">Crescimento estrat\u00e9gico\n<\/h2>\t\t\t\t<\/div>\n\t\t\t\t<div class=\"elementor-element elementor-element-382a634c elementor-widget elementor-widget-text-editor\" data-id=\"382a634c\" data-element_type=\"widget\" data-e-type=\"widget\" data-widget_type=\"text-editor.default\">\n\t\t\t\t\t\t\t\t\t<p class=\"whitespace-pre-wrap break-words\">O que come\u00e7ou como uma solu\u00e7\u00e3o residencial rapidamente se expandiu para satisfazer a procura comercial. Em meados de 2024, a Jouvoli tinha atra\u00eddo a aten\u00e7\u00e3o de instala\u00e7\u00f5es industriais que procuravam uma gest\u00e3o de energia \u00e0 escala. A an\u00e1lise sofisticada da nossa plataforma e a interface de f\u00e1cil utiliza\u00e7\u00e3o revelaram-se ideais para aplica\u00e7\u00f5es em grande escala.<\/p><p class=\"whitespace-pre-wrap break-words\">No final de 2024, estabelecemos opera\u00e7\u00f5es em Marrocos, posicionando-nos estrategicamente numa na\u00e7\u00e3o empenhada no desenvolvimento das energias renov\u00e1veis. Esta expans\u00e3o permitiu-nos:<\/p><ul class=\"-mt-1 list-disc space-y-2 pl-8\"><li class=\"whitespace-normal break-words\">Parcerias com os principais fabricantes de a\u00e7o e amon\u00edaco<\/li><li class=\"whitespace-normal break-words\">Colabora\u00e7\u00f5es de investiga\u00e7\u00e3o com universidades marroquinas<\/li><li class=\"whitespace-normal break-words\">Aumento da for\u00e7a de trabalho para mais de 40 funcion\u00e1rios a tempo inteiro nos nossos escrit\u00f3rios em MA<\/li><\/ul>\t\t\t\t\t\t\t\t<\/div>\n\t\t\t\t<\/div>\n\t\t<div class=\"elementor-element elementor-element-47d99458 e-con-full e-flex e-con e-child\" data-id=\"47d99458\" data-element_type=\"container\" data-e-type=\"container\">\n\t\t\t\t<div class=\"elementor-element elementor-element-3363e3c elementor-widget elementor-widget-image\" data-id=\"3363e3c\" data-element_type=\"widget\" data-e-type=\"widget\" data-widget_type=\"image.default\">\n\t\t\t\t\t\t\t\t\t\t\t\t\t\t\t<img decoding=\"async\" width=\"800\" height=\"548\" src=\"https:\/\/jouvoli.io\/wp-content\/uploads\/2025\/03\/growth-1024x701.webp\" class=\"attachment-large size-large wp-image-1882\" alt=\"\" srcset=\"\" sizes=\"(max-width: 800px) 100vw, 800px\" data-srcset=\"\" \/>\t\t\t\t\t\t\t\t\t\t\t\t\t\t\t<\/div>\n\t\t\t\t<\/div>\n\t\t\t\t\t<\/div>\n\t\t\t\t<\/div>\n\t\t<div class=\"elementor-element elementor-element-c3dfeed e-flex e-con-boxed e-con e-parent\" data-id=\"c3dfeed\" data-element_type=\"container\" data-e-type=\"container\">\n\t\t\t\t\t<div class=\"e-con-inner\">\n\t\t\t\t<div class=\"elementor-element elementor-element-be7c091 elementor-view-default elementor-widget elementor-widget-icon\" data-id=\"be7c091\" data-element_type=\"widget\" data-e-type=\"widget\" data-widget_type=\"icon.default\">\n\t\t\t\t\t\t\t<div class=\"elementor-icon-wrapper\">\n\t\t\t<div class=\"elementor-icon\">\n\t\t\t<svg xmlns:inkscape=\"http:\/\/www.inkscape.org\/namespaces\/inkscape\" xmlns:sodipodi=\"http:\/\/sodipodi.sourceforge.net\/DTD\/sodipodi-0.dtd\" xmlns:xlink=\"http:\/\/www.w3.org\/1999\/xlink\" xmlns=\"http:\/\/www.w3.org\/2000\/svg\" xmlns:svg=\"http:\/\/www.w3.org\/2000\/svg\" width=\"41.973316\" height=\"45.829659\" viewbox=\"0 0 41.973316 45.829659\" id=\"svg1\" sodipodi:docname=\"hahn_logo_svg.svg\" inkscape:version=\"1.3.2 (091e20e, 2023-11-25, custom)\"><desc id=\"desc1\">Criado com Lunacy<\/desc><defs id=\"defs1\"><path d=\"M 0,0 H 8.88931 V 16.8783 H 0 Z\" transform=\"translate(0.04171008,0.06952638)\" id=\"path_1\"><\/path><clippath id=\"mask_1\"><use xlink:href=\"#path_1\" id=\"use1\"><\/use><\/clippath><\/defs><g id=\"Logo\" transform=\"translate(1.4734962e-5,-0.04648589)\"><g id=\"Group-6\"><path d=\"m 20.0056,7.193 v 23.2022 c 0,0 0.0086,-0.0019 -2e-4,2e-4 -4.491,1.0455 -8.2546,1.3139 -8.2546,-0.1756 V 22.2022 H 0 v 16.3244 l 2.58687,1.4716 c 2.02937,1.1441 4.52356,1.1401 6.54947,-0.0125 L 23.6089,31.7522 c 2.0335,-1.157 3.2862,-3.2949 3.2862,-5.6086 V 9.67636 c 0,-2.3137 -1.2527,-4.45163 -3.2862,-5.60855 L 16.4587,0 c 3.6839,3.71128 3.5469,4.38775 3.5469,7.193\" transform=\"translate(15.0782,5.0229216)\" id=\"Fill-4\" fill=\"#60d1e0\" fill-rule=\"evenodd\" stroke=\"none\"><\/path><path d=\"M 6.88948,33.7023 V 10.4711 c 0,0 -0.00862,0.0019 2.2e-4,-3e-4 4.491,-1.04667 8.2546,-1.31541 8.2546,0.1759 v 8.0277 H 26.8951 V 2.32955 L 24.3082,0.856076 C 22.2788,-0.289427 19.7846,-0.285429 17.7587,0.868579 L 3.28619,9.11251 C 1.25269,10.2708 0,12.4114 0,14.7281 v 16.4878 c 0,2.3166 1.25269,4.4572 3.28619,5.6155 l 7.15021,4.073 C 6.75244,37.1885 6.88948,36.5111 6.88948,33.7023\" transform=\"translate(-1.4734962e-5,0.04648612)\" id=\"Fill-1\" fill=\"#60d1e0\" fill-rule=\"evenodd\" stroke=\"none\"><\/path><\/g><\/g><\/svg>\t\t\t<\/div>\n\t\t<\/div>\n\t\t\t\t\t\t<\/div>\n\t\t\t\t<div class=\"elementor-element elementor-element-09ed497 elementor-widget elementor-widget-heading\" data-id=\"09ed497\" data-element_type=\"widget\" data-e-type=\"widget\" data-widget_type=\"heading.default\">\n\t\t\t\t\t<h2 class=\"elementor-heading-title elementor-size-default\">Software Hahn<\/h2>\t\t\t\t<\/div>\n\t\t<div class=\"elementor-element elementor-element-1187343 e-grid e-con-full e-con e-child\" data-id=\"1187343\" data-element_type=\"container\" data-e-type=\"container\">\n\t\t\t\t<div class=\"elementor-element elementor-element-7b13c79 elementor-widget elementor-widget-text-editor\" data-id=\"7b13c79\" data-element_type=\"widget\" data-e-type=\"widget\" data-widget_type=\"text-editor.default\">\n\t\t\t\t\t\t\t\t\t<p data-pm-slice=\"1 1 [&quot;document&quot;,{&quot;aiOptions&quot;:{&quot;preserveLayouts&quot;:false,&quot;imageOptions&quot;:{&quot;stylePreset&quot;:&quot;Custom&quot;,&quot;model&quot;:&quot;ideogram-v2-turbo&quot;,&quot;stylePrompt&quot;:&quot;origami style. paper art, pleated paper, folded, origami art, pleats, cut and fold, centered composition, minimalistic, do not include text or numbers&quot;}},&quot;docId&quot;:&quot;9esdg00arjaik9j&quot;,&quot;background&quot;:{&quot;type&quot;:&quot;none&quot;},&quot;docFlags&quot;:{&quot;cardLayoutsEnabled&quot;:true},&quot;format&quot;:&quot;deck&quot;,&quot;customCode&quot;:{},&quot;settings&quot;:{&quot;defaultFullBleed&quot;:&quot;contained&quot;,&quot;stylesDerivedFrom&quot;:&quot;deck_default&quot;,&quot;cardDimensions&quot;:&quot;fluid&quot;,&quot;verticalAlign&quot;:&quot;center&quot;,&quot;defaultContentWidth&quot;:&quot;lg&quot;,&quot;fontSize&quot;:&quot;md&quot;,&quot;scaleContentToFit&quot;:false,&quot;animationsEnabled&quot;:true},&quot;generateStatus&quot;:&quot;done&quot;,&quot;generateInfo&quot;:{&quot;interactionId&quot;:&quot;qgcaxl2zg6puxk7&quot;,&quot;streamId&quot;:&quot;9esdg00arjaik9j&quot;,&quot;lastEventId&quot;:&quot;12&quot;,&quot;lastCompletedCardId&quot;:&quot;uacp48je47609kq&quot;,&quot;lastCompletedCardIndex&quot;:11}},&quot;card&quot;,{&quot;id&quot;:&quot;o3ab4ixjelct6ky&quot;,&quot;previewContent&quot;:null,&quot;background&quot;:{&quot;type&quot;:&quot;none&quot;},&quot;container&quot;:{},&quot;cardSize&quot;:&quot;default&quot;,&quot;layout&quot;:&quot;blank&quot;,&quot;layoutTemplateColumns&quot;:null,&quot;layoutTemplateRows&quot;:null,&quot;verticalAlign&quot;:null,&quot;generatorInput&quot;:null,&quot;fontScale&quot;:null},&quot;cardLayoutItem&quot;,{&quot;itemId&quot;:&quot;body&quot;},&quot;gridLayout&quot;,{&quot;colWidths&quot;:[33.33,33.33,33.33],&quot;fullWidthBlock&quot;:false},&quot;gridCell&quot;,{&quot;verticalAlign&quot;:&quot;start&quot;}]\">Desde a sua funda\u00e7\u00e3o em 2017 (sede em&nbsp;<span style=\"text-align: start;\">Maxh\u00fctte-Haidhof)<\/span><span style=\"color: var( --e-global-color-text ); font-weight: var( --e-global-typography-text-font-weight ); font-size: 1rem;\">A Hahn Software tornou-se num \"campe\u00e3o oculto\" alem\u00e3o de solu\u00e7\u00f5es digitais.<\/span><\/p>\t\t\t\t\t\t\t\t<\/div>\n\t\t\t\t<div class=\"elementor-element elementor-element-97e5b94 elementor-widget elementor-widget-text-editor\" data-id=\"97e5b94\" data-element_type=\"widget\" data-e-type=\"widget\" data-widget_type=\"text-editor.default\">\n\t\t\t\t\t\t\t\t\t<p class=\"paragraph\" data-pm-slice=\"1 1 [&quot;document&quot;,{&quot;aiOptions&quot;:{&quot;preserveLayouts&quot;:false,&quot;imageOptions&quot;:{&quot;stylePreset&quot;:&quot;Custom&quot;,&quot;model&quot;:&quot;ideogram-v2-turbo&quot;,&quot;stylePrompt&quot;:&quot;origami style. paper art, pleated paper, folded, origami art, pleats, cut and fold, centered composition, minimalistic, do not include text or numbers&quot;}},&quot;docId&quot;:&quot;9esdg00arjaik9j&quot;,&quot;background&quot;:{&quot;type&quot;:&quot;none&quot;},&quot;docFlags&quot;:{&quot;cardLayoutsEnabled&quot;:true},&quot;format&quot;:&quot;deck&quot;,&quot;customCode&quot;:{},&quot;settings&quot;:{&quot;defaultFullBleed&quot;:&quot;contained&quot;,&quot;stylesDerivedFrom&quot;:&quot;deck_default&quot;,&quot;cardDimensions&quot;:&quot;fluid&quot;,&quot;verticalAlign&quot;:&quot;center&quot;,&quot;defaultContentWidth&quot;:&quot;lg&quot;,&quot;fontSize&quot;:&quot;md&quot;,&quot;scaleContentToFit&quot;:false,&quot;animationsEnabled&quot;:true},&quot;generateStatus&quot;:&quot;done&quot;,&quot;generateInfo&quot;:{&quot;interactionId&quot;:&quot;qgcaxl2zg6puxk7&quot;,&quot;streamId&quot;:&quot;9esdg00arjaik9j&quot;,&quot;lastEventId&quot;:&quot;12&quot;,&quot;lastCompletedCardId&quot;:&quot;uacp48je47609kq&quot;,&quot;lastCompletedCardIndex&quot;:11}},&quot;card&quot;,{&quot;id&quot;:&quot;o3ab4ixjelct6ky&quot;,&quot;previewContent&quot;:null,&quot;background&quot;:{&quot;type&quot;:&quot;none&quot;},&quot;container&quot;:{},&quot;cardSize&quot;:&quot;default&quot;,&quot;layout&quot;:&quot;blank&quot;,&quot;layoutTemplateColumns&quot;:null,&quot;layoutTemplateRows&quot;:null,&quot;verticalAlign&quot;:null,&quot;generatorInput&quot;:null,&quot;fontScale&quot;:null},&quot;cardLayoutItem&quot;,{&quot;itemId&quot;:&quot;body&quot;},&quot;gridLayout&quot;,{&quot;colWidths&quot;:[33.33,33.33,33.33],&quot;fullWidthBlock&quot;:false},&quot;gridCell&quot;,{&quot;verticalAlign&quot;:&quot;start&quot;}]\"><span style=\"color: var( --e-global-color-text ); font-size: 1rem;\">Fortalecemos a sua ind\u00fastria com as nossas solu\u00e7\u00f5es de software de \u00faltima gera\u00e7\u00e3o, onde o conhecimento da ind\u00fastria se conjuga com a finura t\u00e9cnica para revolucionar a sua efici\u00eancia operacional.<\/span><\/p>\t\t\t\t\t\t\t\t<\/div>\n\t\t\t\t<div class=\"elementor-element elementor-element-13412fa elementor-widget elementor-widget-text-editor\" data-id=\"13412fa\" data-element_type=\"widget\" data-e-type=\"widget\" data-widget_type=\"text-editor.default\">\n\t\t\t\t\t\t\t\t\t<p class=\"paragraph\" data-pm-slice=\"1 1 [&quot;document&quot;,{&quot;aiOptions&quot;:{&quot;preserveLayouts&quot;:false,&quot;imageOptions&quot;:{&quot;stylePreset&quot;:&quot;Custom&quot;,&quot;model&quot;:&quot;ideogram-v2-turbo&quot;,&quot;stylePrompt&quot;:&quot;origami style. paper art, pleated paper, folded, origami art, pleats, cut and fold, centered composition, minimalistic, do not include text or numbers&quot;}},&quot;docId&quot;:&quot;9esdg00arjaik9j&quot;,&quot;background&quot;:{&quot;type&quot;:&quot;none&quot;},&quot;docFlags&quot;:{&quot;cardLayoutsEnabled&quot;:true},&quot;format&quot;:&quot;deck&quot;,&quot;customCode&quot;:{},&quot;settings&quot;:{&quot;defaultFullBleed&quot;:&quot;contained&quot;,&quot;stylesDerivedFrom&quot;:&quot;deck_default&quot;,&quot;cardDimensions&quot;:&quot;fluid&quot;,&quot;verticalAlign&quot;:&quot;center&quot;,&quot;defaultContentWidth&quot;:&quot;lg&quot;,&quot;fontSize&quot;:&quot;md&quot;,&quot;scaleContentToFit&quot;:false,&quot;animationsEnabled&quot;:true},&quot;generateStatus&quot;:&quot;done&quot;,&quot;generateInfo&quot;:{&quot;interactionId&quot;:&quot;qgcaxl2zg6puxk7&quot;,&quot;streamId&quot;:&quot;9esdg00arjaik9j&quot;,&quot;lastEventId&quot;:&quot;12&quot;,&quot;lastCompletedCardId&quot;:&quot;uacp48je47609kq&quot;,&quot;lastCompletedCardIndex&quot;:11}},&quot;card&quot;,{&quot;id&quot;:&quot;o3ab4ixjelct6ky&quot;,&quot;previewContent&quot;:null,&quot;background&quot;:{&quot;type&quot;:&quot;none&quot;},&quot;container&quot;:{},&quot;cardSize&quot;:&quot;default&quot;,&quot;layout&quot;:&quot;blank&quot;,&quot;layoutTemplateColumns&quot;:null,&quot;layoutTemplateRows&quot;:null,&quot;verticalAlign&quot;:null,&quot;generatorInput&quot;:null,&quot;fontScale&quot;:null},&quot;cardLayoutItem&quot;,{&quot;itemId&quot;:&quot;body&quot;},&quot;gridLayout&quot;,{&quot;colWidths&quot;:[33.33,33.33,33.33],&quot;fullWidthBlock&quot;:false},&quot;gridCell&quot;,{&quot;verticalAlign&quot;:&quot;start&quot;}]\"><span style=\"color: var( --e-global-color-text ); font-size: 1rem;\">A nossa equipa de mais de 120 engenheiros fornece solu\u00e7\u00f5es inovadoras a partir dos nossos escrit\u00f3rios na Alemanha, Autria e Marrocos que transformam as empresas.<\/span><\/p>\t\t\t\t\t\t\t\t<\/div>\n\t\t\t\t<\/div>\n\t\t\t\t\t<\/div>\n\t\t\t\t<\/div>\n\t\t\t\t<\/div>","protected":false},"excerpt":{"rendered":"<p>About Us About Us Pioneering Integrated Energy Management Solutions Pioneering Integrated Energy Management Solutions Jouvoli was started in 2023 to address a critical gap in the renewable energy market. Despite significant investments in solar panels, battery storage systems, and EV charging infrastructure, our founder discovered there was no effective way to monitor and optimize these [&hellip;]<\/p>","protected":false},"author":1,"featured_media":0,"parent":0,"menu_order":0,"comment_status":"closed","ping_status":"closed","template":"","meta":{"_angie_page":false,"footnotes":""},"class_list":["post-245","page","type-page","status-publish","hentry"],"_links":{"self":[{"href":"https:\/\/jouvoli.io\/pt\/wp-json\/wp\/v2\/pages\/245","targetHints":{"allow":["GET"]}}],"collection":[{"href":"https:\/\/jouvoli.io\/pt\/wp-json\/wp\/v2\/pages"}],"about":[{"href":"https:\/\/jouvoli.io\/pt\/wp-json\/wp\/v2\/types\/page"}],"author":[{"embeddable":true,"href":"https:\/\/jouvoli.io\/pt\/wp-json\/wp\/v2\/users\/1"}],"replies":[{"embeddable":true,"href":"https:\/\/jouvoli.io\/pt\/wp-json\/wp\/v2\/comments?post=245"}],"version-history":[{"count":25,"href":"https:\/\/jouvoli.io\/pt\/wp-json\/wp\/v2\/pages\/245\/revisions"}],"predecessor-version":[{"id":5054,"href":"https:\/\/jouvoli.io\/pt\/wp-json\/wp\/v2\/pages\/245\/revisions\/5054"}],"wp:attachment":[{"href":"https:\/\/jouvoli.io\/pt\/wp-json\/wp\/v2\/media?parent=245"}],"curies":[{"name":"wp","href":"https:\/\/api.w.org\/{rel}","templated":true}]}}