{"id":574,"date":"2025-02-21T11:23:30","date_gmt":"2025-02-21T11:23:30","guid":{"rendered":"https:\/\/jouvoli-wordpress-hthwhcfpfnhygbg4.germanywestcentral-01.azurewebsites.net\/?page_id=574"},"modified":"2025-03-04T19:02:55","modified_gmt":"2025-03-04T19:02:55","slug":"elementor-574","status":"publish","type":"page","link":"https:\/\/jouvoli.io\/de\/elementor-574\/","title":{"rendered":"Parkplatz"},"content":{"rendered":"<div data-elementor-type=\"wp-page\" data-elementor-id=\"574\" class=\"elementor elementor-574\" data-elementor-post-type=\"page\">\n\t\t\t\t<div class=\"elementor-element elementor-element-e9c27fe hero e-flex e-con-boxed e-con e-parent\" data-id=\"e9c27fe\" data-element_type=\"container\" data-e-type=\"container\" data-settings=\"{&quot;background_background&quot;:&quot;classic&quot;}\">\n\t\t\t\t\t<div class=\"e-con-inner\">\n\t\t<div class=\"elementor-element elementor-element-1e5ec0d e-con-full e-flex e-con e-child\" data-id=\"1e5ec0d\" data-element_type=\"container\" data-e-type=\"container\">\n\t\t\t\t<div class=\"elementor-element elementor-element-0cb14c6 elementor-widget elementor-widget-image\" data-id=\"0cb14c6\" data-element_type=\"widget\" data-e-type=\"widget\" data-widget_type=\"image.default\">\n\t\t\t\t\t\t\t\t\t\t\t\t\t\t\t<img decoding=\"async\" src=\"https:\/\/jouvoli.io\/wp-content\/uploads\/elementor\/thumbs\/jouvoli-logo-mono-r2pugs2aukrnf8u19qdzsvs6t5sl4p9bhgnwapronq.png\" title=\"jouvoli-logo-mono\" alt=\"jouvoli-logo-mono\" loading=\"lazy\" \/>\t\t\t\t\t\t\t\t\t\t\t\t\t\t\t<\/div>\n\t\t\t\t<div class=\"elementor-element elementor-element-6ca273b elementor-widget elementor-widget-heading\" data-id=\"6ca273b\" data-element_type=\"widget\" data-e-type=\"widget\" data-widget_type=\"heading.default\">\n\t\t\t\t\t<h2 class=\"elementor-heading-title elementor-size-default\">Unser <span style=\"color: #53a5ff\">Wegweisend<\/span> Software<\/h2>\t\t\t\t<\/div>\n\t\t\t\t<div class=\"elementor-element elementor-element-dee86df elementor-widget__width-initial elementor-widget elementor-widget-heading\" data-id=\"dee86df\" data-element_type=\"widget\" data-e-type=\"widget\" data-widget_type=\"heading.default\">\n\t\t\t\t\t<h5 class=\"elementor-heading-title elementor-size-default\">Eine Revolution in der nachhaltigen Technologie steht bevor. Unsere Software wird die Art und Weise, wie wir erneuerbare Energie erzeugen, verwalten und optimieren, ver\u00e4ndern. Machen Sie sich bereit f\u00fcr die n\u00e4chste Stufe der Effizienz und Innovation.<\/h5>\t\t\t\t<\/div>\n\t\t\t\t<div class=\"elementor-element elementor-element-5f8fa83 elementor-widget elementor-widget-spacer\" data-id=\"5f8fa83\" data-element_type=\"widget\" data-e-type=\"widget\" data-widget_type=\"spacer.default\">\n\t\t\t\t\t\t\t<div class=\"elementor-spacer\">\n\t\t\t<div class=\"elementor-spacer-inner\"><\/div>\n\t\t<\/div>\n\t\t\t\t\t\t<\/div>\n\t\t\t\t<div class=\"elementor-element elementor-element-894e9f9 elementor-widget elementor-widget-heading\" data-id=\"894e9f9\" data-element_type=\"widget\" data-e-type=\"widget\" data-widget_type=\"heading.default\">\n\t\t\t\t\t<h5 class=\"elementor-heading-title elementor-size-default\">Transformieren Sie Ihre Energiezukunft<br>Demn\u00e4chst verf\u00fcgbar<\/h5>\t\t\t\t<\/div>\n\t\t\t\t<div class=\"elementor-element elementor-element-f3d1211 elementor-shape-rounded elementor-grid-0 e-grid-align-center elementor-widget elementor-widget-social-icons\" data-id=\"f3d1211\" data-element_type=\"widget\" data-e-type=\"widget\" data-widget_type=\"social-icons.default\">\n\t\t\t\t\t\t\t<div class=\"elementor-social-icons-wrapper elementor-grid\" role=\"list\">\n\t\t\t\t\t\t\t<span class=\"elementor-grid-item\" role=\"listitem\">\n\t\t\t\t\t<a class=\"elementor-icon elementor-social-icon elementor-social-icon-linkedin elementor-repeater-item-fc4b2ad\" href=\"https:\/\/www.linkedin.com\/showcase\/jouvoli-io\/\" target=\"_blank\">\n\t\t\t\t\t\t<span class=\"elementor-screen-only\">Linkedin<\/span>\n\t\t\t\t\t\t<svg aria-hidden=\"true\" class=\"e-font-icon-svg e-fab-linkedin\" viewbox=\"0 0 448 512\" xmlns=\"http:\/\/www.w3.org\/2000\/svg\"><path d=\"M416 32H31.9C14.3 32 0 46.5 0 64.3v383.4C0 465.5 14.3 480 31.9 480H416c17.6 0 32-14.5 32-32.3V64.3c0-17.8-14.4-32.3-32-32.3zM135.4 416H69V202.2h66.5V416zm-33.2-243c-21.3 0-38.5-17.3-38.5-38.5S80.9 96 102.2 96c21.2 0 38.5 17.3 38.5 38.5 0 21.3-17.2 38.5-38.5 38.5zm282.1 243h-66.4V312c0-24.8-.5-56.7-34.5-56.7-34.6 0-39.9 27-39.9 54.9V416h-66.4V202.2h63.7v29.2h.9c8.9-16.8 30.6-34.5 62.9-34.5 67.2 0 79.7 44.3 79.7 101.9V416z\"><\/path><\/svg>\t\t\t\t\t<\/a>\n\t\t\t\t<\/span>\n\t\t\t\t\t\t\t<span class=\"elementor-grid-item\" role=\"listitem\">\n\t\t\t\t\t<a class=\"elementor-icon elementor-social-icon elementor-social-icon- elementor-repeater-item-e05451d\" href=\"https:\/\/bsky.app\/profile\/jouvoli.bsky.social\" target=\"_blank\">\n\t\t\t\t\t\t<span class=\"elementor-screen-only\"><\/span>\n\t\t\t\t\t\t<svg xmlns=\"http:\/\/www.w3.org\/2000\/svg\" viewbox=\"0 0 512 512\"><path d=\"M111.8 62.2C170.2 105.9 233 194.7 256 242.4c23-47.6 85.8-136.4 144.2-180.2c42.1-31.6 110.3-56 110.3 21.8c0 15.5-8.9 130.5-14.1 149.2C478.2 298 412 314.6 353.1 304.5c102.9 17.5 129.1 75.5 72.5 133.5c-107.4 110.2-154.3-27.6-166.3-62.9l0 0c-1.7-4.9-2.6-7.8-3.3-7.8s-1.6 3-3.3 7.8l0 0c-12 35.3-59 173.1-166.3 62.9c-56.5-58-30.4-116 72.5-133.5C100 314.6 33.8 298 15.7 233.1C10.4 214.4 1.5 99.4 1.5 83.9c0-77.8 68.2-53.4 110.3-21.8z\"><\/path><\/svg>\t\t\t\t\t<\/a>\n\t\t\t\t<\/span>\n\t\t\t\t\t<\/div>\n\t\t\t\t\t\t<\/div>\n\t\t\t\t<\/div>\n\t\t\t\t\t<\/div>\n\t\t\t\t<\/div>\n\t\t\t\t<\/div>","protected":false},"excerpt":{"rendered":"<p>Unsere bahnbrechende Software Eine Revolution in der nachhaltigen Technologie steht bevor. Unsere Software wird die Art und Weise, wie wir erneuerbare Energie erzeugen, verwalten und optimieren, ver\u00e4ndern. Machen Sie sich bereit f\u00fcr die n\u00e4chste Stufe der Effizienz und Innovation. Transformieren Sie Ihre EnergiezukunftBald verf\u00fcgbar Linkedin<\/p>","protected":false},"author":1,"featured_media":0,"parent":0,"menu_order":0,"comment_status":"closed","ping_status":"closed","template":"","meta":{"footnotes":""},"class_list":["post-574","page","type-page","status-publish","hentry"],"_links":{"self":[{"href":"https:\/\/jouvoli.io\/de\/wp-json\/wp\/v2\/pages\/574","targetHints":{"allow":["GET"]}}],"collection":[{"href":"https:\/\/jouvoli.io\/de\/wp-json\/wp\/v2\/pages"}],"about":[{"href":"https:\/\/jouvoli.io\/de\/wp-json\/wp\/v2\/types\/page"}],"author":[{"embeddable":true,"href":"https:\/\/jouvoli.io\/de\/wp-json\/wp\/v2\/users\/1"}],"replies":[{"embeddable":true,"href":"https:\/\/jouvoli.io\/de\/wp-json\/wp\/v2\/comments?post=574"}],"version-history":[{"count":0,"href":"https:\/\/jouvoli.io\/de\/wp-json\/wp\/v2\/pages\/574\/revisions"}],"wp:attachment":[{"href":"https:\/\/jouvoli.io\/de\/wp-json\/wp\/v2\/media?parent=574"}],"curies":[{"name":"wp","href":"https:\/\/api.w.org\/{rel}","templated":true}]}}