{"id":2396,"date":"2025-03-13T11:20:19","date_gmt":"2025-03-13T11:20:19","guid":{"rendered":"https:\/\/jouvoli.io\/?page_id=2396"},"modified":"2025-03-20T10:58:46","modified_gmt":"2025-03-20T10:58:46","slug":"banner","status":"publish","type":"page","link":"https:\/\/jouvoli.io\/de\/banner\/","title":{"rendered":"Banner"},"content":{"rendered":"<div data-elementor-type=\"wp-page\" data-elementor-id=\"2396\" class=\"elementor elementor-2396\" data-elementor-post-type=\"page\">\n\t\t\t\t<div class=\"elementor-element elementor-element-9bf3b47 e-con-full e-flex e-con e-parent\" data-id=\"9bf3b47\" data-element_type=\"container\" data-e-type=\"container\" data-settings=\"{&quot;background_background&quot;:&quot;classic&quot;}\">\n\t\t<div class=\"elementor-element elementor-element-6b8caaa e-con-full e-flex e-con e-child\" data-id=\"6b8caaa\" data-element_type=\"container\" data-e-type=\"container\">\n\t\t<div class=\"elementor-element elementor-element-b3fe358 e-con-full e-flex elementor-invisible e-con e-child\" data-id=\"b3fe358\" data-element_type=\"container\" data-e-type=\"container\" data-settings=\"{&quot;animation&quot;:&quot;fadeInLeft&quot;}\">\n\t\t\t\t<div class=\"elementor-element elementor-element-712eb24 elementor-widget elementor-widget-theme-site-logo elementor-widget-image\" data-id=\"712eb24\" data-element_type=\"widget\" data-e-type=\"widget\" data-widget_type=\"theme-site-logo.default\">\n\t\t\t\t\t\t\t\t\t\t\t<a href=\"https:\/\/jouvoli.io\/de\">\n\t\t\t<img decoding=\"async\" width=\"452\" height=\"106\" src=\"https:\/\/jouvoli.io\/wp-content\/uploads\/2025\/02\/jouvoli-logo-mono.png\" class=\"attachment-full size-full wp-image-729\" alt=\"\" srcset=\"https:\/\/jouvoli.io\/wp-content\/uploads\/2025\/02\/jouvoli-logo-mono.png 452w, https:\/\/jouvoli.io\/wp-content\/uploads\/2025\/02\/jouvoli-logo-mono-300x70.png 300w\" sizes=\"(max-width: 452px) 100vw, 452px\" \/>\t\t\t\t<\/a>\n\t\t\t\t\t\t\t\t\t\t\t<\/div>\n\t\t\t\t<div class=\"elementor-element elementor-element-e81f491 elementor-widget elementor-widget-text-editor\" data-id=\"e81f491\" data-element_type=\"widget\" data-e-type=\"widget\" data-widget_type=\"text-editor.default\">\n\t\t\t\t\t\t\t\t\t<h5>Entdecken Sie verborgene Ineffizienzen und erm\u00f6glichen Sie proaktive Entscheidungen, die zu erheblichen Kosteneinsparungen und einem gr\u00fcneren Fu\u00dfabdruck f\u00fchren.<\/h5>\t\t\t\t\t\t\t\t<\/div>\n\t\t\t\t<div class=\"elementor-element elementor-element-036a38e elementor-widget elementor-widget-text-editor\" data-id=\"036a38e\" data-element_type=\"widget\" data-e-type=\"widget\" data-widget_type=\"text-editor.default\">\n\t\t\t\t\t\t\t\t\t<p data-sourcepos=\"3:1-3:322\">Jouvoli ist die ultimative Softwarel\u00f6sung zur \u00dcberwachung, Analyse und Optimierung des Energieverbrauchs. Ihr Ziel ist es, den Nutzern einen klaren Einblick in ihren Energieverbrauch zu geben, damit sie Ineffizienzen erkennen und Strategien umsetzen k\u00f6nnen<\/p>\t\t\t\t\t\t\t\t<\/div>\n\t\t\t\t<\/div>\n\t\t<div class=\"elementor-element elementor-element-2f3fc8f e-con-full e-flex e-con e-child\" data-id=\"2f3fc8f\" data-element_type=\"container\" data-e-type=\"container\" data-settings=\"{&quot;background_background&quot;:&quot;classic&quot;}\">\n\t\t\t\t<\/div>\n\t\t\t\t<\/div>\n\t\t\t\t<\/div>\n\t\t\t\t<\/div>","protected":false},"excerpt":{"rendered":"<p>Entdecken Sie verborgene Ineffizienzen und erm\u00f6glichen Sie proaktive Entscheidungen, die zu erheblichen Kosteneinsparungen und einem gr\u00fcneren Fu\u00dfabdruck f\u00fchren. Jouvoli ist die ultimative Softwarel\u00f6sung zur \u00dcberwachung, Analyse und Optimierung des Energieverbrauchs. Ihr Ziel ist es, den Nutzern einen klaren Einblick in ihren Energieverbrauch zu geben, damit sie Ineffizienzen erkennen und Strategien umsetzen k\u00f6nnen<\/p>","protected":false},"author":1,"featured_media":0,"parent":0,"menu_order":0,"comment_status":"closed","ping_status":"closed","template":"","meta":{"footnotes":""},"class_list":["post-2396","page","type-page","status-publish","hentry"],"_links":{"self":[{"href":"https:\/\/jouvoli.io\/de\/wp-json\/wp\/v2\/pages\/2396","targetHints":{"allow":["GET"]}}],"collection":[{"href":"https:\/\/jouvoli.io\/de\/wp-json\/wp\/v2\/pages"}],"about":[{"href":"https:\/\/jouvoli.io\/de\/wp-json\/wp\/v2\/types\/page"}],"author":[{"embeddable":true,"href":"https:\/\/jouvoli.io\/de\/wp-json\/wp\/v2\/users\/1"}],"replies":[{"embeddable":true,"href":"https:\/\/jouvoli.io\/de\/wp-json\/wp\/v2\/comments?post=2396"}],"version-history":[{"count":25,"href":"https:\/\/jouvoli.io\/de\/wp-json\/wp\/v2\/pages\/2396\/revisions"}],"predecessor-version":[{"id":2910,"href":"https:\/\/jouvoli.io\/de\/wp-json\/wp\/v2\/pages\/2396\/revisions\/2910"}],"wp:attachment":[{"href":"https:\/\/jouvoli.io\/de\/wp-json\/wp\/v2\/media?parent=2396"}],"curies":[{"name":"wp","href":"https:\/\/api.w.org\/{rel}","templated":true}]}}